{"id":82,"date":"2020-02-07T13:15:45","date_gmt":"2020-02-07T12:15:45","guid":{"rendered":"http:\/\/csp5.fr\/?page_id=82"},"modified":"2020-02-08T00:11:29","modified_gmt":"2020-02-07T23:11:29","slug":"82-2","status":"publish","type":"page","link":"https:\/\/csp5.fr\/","title":{"rendered":""},"content":{"rendered":"<p>[vc_row][vc_column]\t<div class=\"widget vc_widget_recent_posts type-1 \">\t<h3 class=\"pre-title\">Les Sermons du P\u00e8re Pecha<\/h3><h3 class=\"widget-title\">Les Sermons du P\u00e8re Pecha<\/h3>\t<ul class=\"beth-recent-posts\">\n\t\t\t<li>\n\t\t\t<span class=\"posted-on\"> <a href=\"https:\/\/csp5.fr\/index.php\/2024\/06\/17\/4eme-dimanche-apres-la-pentecote-2024\/\" rel=\"bookmark\"><time class=\"entry-date published\" datetime=\"2024-06-17T11:57:31+02:00\">17 June 2024<\/time><time class=\"updated\" datetime=\"2024-06-17T11:58:12+02:00\" itemprop=\"datePublished\">17 June 2024<\/time><\/a><\/span>\n\t\t\t\n\t\t\t\n\t\t\t\n\t\t\t\n\t\t\t\t\t<h1 class=\"entry-title\" itemprop=\"name headline\"><a href=\"https:\/\/csp5.fr\/index.php\/2024\/06\/17\/4eme-dimanche-apres-la-pentecote-2024\/\" rel=\"bookmark\">4\u00e8me dimanche apr\u00e8s la Pentec\u00f4te 2024<\/a><\/h1><img width=\"560\" height=\"320\" src=\"https:\/\/csp5.fr\/wp-content\/uploads\/2022\/06\/IMG_5162-560x320.jpg\" class=\"attachment-post-thumbnail size-post-thumbnail wp-post-image\" alt=\"\" loading=\"lazy\" \/>\t\t<div class=\"entry-content\" itemprop=\"articleBody\">\n\t\t<p>Lorsque Dieu eut rejet\u00e9 Sa\u00fcl \u00e0 cause de son orgueil, Il dit \u00e0 Samuel d\u2019oindre comme roi le plus jeune fils de Jess\u00e9 qui \u00e9tait encore enfant. Et Samuel l\u2019oignit [&hellip;]<\/p><div class=\"line\"><\/div><a href=\"https:\/\/csp5.fr\/index.php\/2024\/06\/17\/4eme-dimanche-apres-la-pentecote-2024\/\" class=\"hb-more\">Read more<\/a>\t\t<ul class=\"hb-social\">\n\t\t\t\t\t\t\t\t<li class=\"hb-fb\"><a href=\"https:\/\/www.facebook.com\/sharer\/sharer.php?u=https:\/\/csp5.fr\/index.php\/2024\/06\/17\/4eme-dimanche-apres-la-pentecote-2024\/\"><i class=\"fa fa-facebook\"><\/i><\/a><\/li>\n\t\t\t\t\t\t\t\t<li class=\"hb-tw\"><a href=\"https:\/\/twitter.com\/home?status=https:\/\/csp5.fr\/index.php\/2024\/06\/17\/4eme-dimanche-apres-la-pentecote-2024\/\"><i class=\"fa fa-twitter\"><\/i><\/a><\/li>\n\t\t\t\t\t\t\t\t<li class=\"hb-google-plus\"><a href=\"https:\/\/plus.google.com\/share?url=https:\/\/csp5.fr\/index.php\/2024\/06\/17\/4eme-dimanche-apres-la-pentecote-2024\/\"><i class=\"fa fa-google-plus\"><\/i><\/a><\/li>\n\t\t\t\t\t<\/ul>\n\t\t\t\t<\/div><!-- .entry-content -->\n\t\t\t\t<\/li>\n\t\t\t<li>\n\t\t\t<span class=\"posted-on\"> <a href=\"https:\/\/csp5.fr\/index.php\/2024\/06\/17\/3eme-dimanche-apres-la-pentecote-2024\/\" rel=\"bookmark\"><time class=\"entry-date published\" datetime=\"2024-06-17T11:56:06+02:00\">17 June 2024<\/time><time class=\"updated\" datetime=\"2024-06-17T11:56:07+02:00\" itemprop=\"datePublished\">17 June 2024<\/time><\/a><\/span>\n\t\t\t\n\t\t\t\n\t\t\t\n\t\t\t\n\t\t\t\t\t<h1 class=\"entry-title\" itemprop=\"name headline\"><a href=\"https:\/\/csp5.fr\/index.php\/2024\/06\/17\/3eme-dimanche-apres-la-pentecote-2024\/\" rel=\"bookmark\">3\u00e8me dimanche apr\u00e8s la Pentec\u00f4te 2024<\/a><\/h1><img width=\"560\" height=\"320\" src=\"https:\/\/csp5.fr\/wp-content\/uploads\/2021\/07\/IMG_3152-560x320.jpg\" class=\"attachment-post-thumbnail size-post-thumbnail wp-post-image\" alt=\"\" loading=\"lazy\" \/>\t\t<div class=\"entry-content\" itemprop=\"articleBody\">\n\t\t<p>&nbsp; &nbsp;La pri\u00e8re, appuy\u00e9e sur l\u2019humble repentir des fautes pass\u00e9es et la confiance dans les mis\u00e9ricordes infinies, respire dans l\u2019Intro\u00eft et toute cette Messe du IIIe Dimanche apr\u00e8s la Pentec\u00f4te, [&hellip;]<\/p><div class=\"line\"><\/div><a href=\"https:\/\/csp5.fr\/index.php\/2024\/06\/17\/3eme-dimanche-apres-la-pentecote-2024\/\" class=\"hb-more\">Read more<\/a>\t\t<ul class=\"hb-social\">\n\t\t\t\t\t\t\t\t<li class=\"hb-fb\"><a href=\"https:\/\/www.facebook.com\/sharer\/sharer.php?u=https:\/\/csp5.fr\/index.php\/2024\/06\/17\/3eme-dimanche-apres-la-pentecote-2024\/\"><i class=\"fa fa-facebook\"><\/i><\/a><\/li>\n\t\t\t\t\t\t\t\t<li class=\"hb-tw\"><a href=\"https:\/\/twitter.com\/home?status=https:\/\/csp5.fr\/index.php\/2024\/06\/17\/3eme-dimanche-apres-la-pentecote-2024\/\"><i class=\"fa fa-twitter\"><\/i><\/a><\/li>\n\t\t\t\t\t\t\t\t<li class=\"hb-google-plus\"><a href=\"https:\/\/plus.google.com\/share?url=https:\/\/csp5.fr\/index.php\/2024\/06\/17\/3eme-dimanche-apres-la-pentecote-2024\/\"><i class=\"fa fa-google-plus\"><\/i><\/a><\/li>\n\t\t\t\t\t<\/ul>\n\t\t\t\t<\/div><!-- .entry-content -->\n\t\t\t\t<\/li>\n\t\t\t<li>\n\t\t\t<span class=\"posted-on\"> <a href=\"https:\/\/csp5.fr\/index.php\/2024\/05\/27\/trinite-2024\/\" rel=\"bookmark\"><time class=\"entry-date published\" datetime=\"2024-05-27T11:52:15+02:00\">27 May 2024<\/time><time class=\"updated\" datetime=\"2024-05-27T11:52:16+02:00\" itemprop=\"datePublished\">27 May 2024<\/time><\/a><\/span>\n\t\t\t\n\t\t\t\n\t\t\t\n\t\t\t\n\t\t\t\t\t<h1 class=\"entry-title\" itemprop=\"name headline\"><a href=\"https:\/\/csp5.fr\/index.php\/2024\/05\/27\/trinite-2024\/\" rel=\"bookmark\">Trinit\u00e9 2024<\/a><\/h1><img width=\"560\" height=\"320\" src=\"https:\/\/csp5.fr\/wp-content\/uploads\/2023\/04\/IMG_67631-560x320.jpg\" class=\"attachment-post-thumbnail size-post-thumbnail wp-post-image\" alt=\"\" loading=\"lazy\" \/>\t\t<div class=\"entry-content\" itemprop=\"articleBody\">\n\t\t<p>&nbsp;&nbsp; L&#8217;\u00c9criture nous d\u00e9crit la cr\u00e9ation comme l&#8217;\u0153uvre d&#8217;un Dieu enjou\u00e9, qui semble s&#8217;amuser \u00e9norm\u00e9ment \u00e0 faire jaillir les sources d&#8217;eaux des ab\u00eemes, \u00e0 implanter les montagnes et affermir les [&hellip;]<\/p><div class=\"line\"><\/div><a href=\"https:\/\/csp5.fr\/index.php\/2024\/05\/27\/trinite-2024\/\" class=\"hb-more\">Read more<\/a>\t\t<ul class=\"hb-social\">\n\t\t\t\t\t\t\t\t<li class=\"hb-fb\"><a href=\"https:\/\/www.facebook.com\/sharer\/sharer.php?u=https:\/\/csp5.fr\/index.php\/2024\/05\/27\/trinite-2024\/\"><i class=\"fa fa-facebook\"><\/i><\/a><\/li>\n\t\t\t\t\t\t\t\t<li class=\"hb-tw\"><a href=\"https:\/\/twitter.com\/home?status=https:\/\/csp5.fr\/index.php\/2024\/05\/27\/trinite-2024\/\"><i class=\"fa fa-twitter\"><\/i><\/a><\/li>\n\t\t\t\t\t\t\t\t<li class=\"hb-google-plus\"><a href=\"https:\/\/plus.google.com\/share?url=https:\/\/csp5.fr\/index.php\/2024\/05\/27\/trinite-2024\/\"><i class=\"fa fa-google-plus\"><\/i><\/a><\/li>\n\t\t\t\t\t<\/ul>\n\t\t\t\t<\/div><!-- .entry-content -->\n\t\t\t\t<\/li>\n\t\t\t<li>\n\t\t\t<span class=\"posted-on\"> <a href=\"https:\/\/csp5.fr\/index.php\/2024\/05\/27\/pentecote-2024\/\" rel=\"bookmark\"><time class=\"entry-date published\" datetime=\"2024-05-27T11:50:54+02:00\">27 May 2024<\/time><time class=\"updated\" datetime=\"2024-05-27T11:50:55+02:00\" itemprop=\"datePublished\">27 May 2024<\/time><\/a><\/span>\n\t\t\t\n\t\t\t\n\t\t\t\n\t\t\t\n\t\t\t\t\t<h1 class=\"entry-title\" itemprop=\"name headline\"><a href=\"https:\/\/csp5.fr\/index.php\/2024\/05\/27\/pentecote-2024\/\" rel=\"bookmark\">Pentec\u00f4te 2024<\/a><\/h1><img width=\"560\" height=\"320\" src=\"https:\/\/csp5.fr\/wp-content\/uploads\/2022\/06\/IMG_5019-560x320.jpg\" class=\"attachment-post-thumbnail size-post-thumbnail wp-post-image\" alt=\"\" loading=\"lazy\" \/>\t\t<div class=\"entry-content\" itemprop=\"articleBody\">\n\t\t<p>&nbsp;&nbsp; Au temps de la premi\u00e8re Pentec\u00f4te, les Ap\u00f4tres ont \u00e9t\u00e9, en quelque mani\u00e8re, bouscul\u00e9s par l&#8217;Esprit. En effet, ils s&#8217;\u00e9taient cach\u00e9s au fond d&#8217;une maison. Soudainement, ils entendent un [&hellip;]<\/p><div class=\"line\"><\/div><a href=\"https:\/\/csp5.fr\/index.php\/2024\/05\/27\/pentecote-2024\/\" class=\"hb-more\">Read more<\/a>\t\t<ul class=\"hb-social\">\n\t\t\t\t\t\t\t\t<li class=\"hb-fb\"><a href=\"https:\/\/www.facebook.com\/sharer\/sharer.php?u=https:\/\/csp5.fr\/index.php\/2024\/05\/27\/pentecote-2024\/\"><i class=\"fa fa-facebook\"><\/i><\/a><\/li>\n\t\t\t\t\t\t\t\t<li class=\"hb-tw\"><a href=\"https:\/\/twitter.com\/home?status=https:\/\/csp5.fr\/index.php\/2024\/05\/27\/pentecote-2024\/\"><i class=\"fa fa-twitter\"><\/i><\/a><\/li>\n\t\t\t\t\t\t\t\t<li class=\"hb-google-plus\"><a href=\"https:\/\/plus.google.com\/share?url=https:\/\/csp5.fr\/index.php\/2024\/05\/27\/pentecote-2024\/\"><i class=\"fa fa-google-plus\"><\/i><\/a><\/li>\n\t\t\t\t\t<\/ul>\n\t\t\t\t<\/div><!-- .entry-content -->\n\t\t\t\t<\/li>\n\t\t\t<li>\n\t\t\t<span class=\"posted-on\"> <a href=\"https:\/\/csp5.fr\/index.php\/2024\/05\/27\/sainte-jeanne-darc-2024\/\" rel=\"bookmark\"><time class=\"entry-date published\" datetime=\"2024-05-27T11:49:58+02:00\">27 May 2024<\/time><time class=\"updated\" datetime=\"2024-05-27T11:52:34+02:00\" itemprop=\"datePublished\">27 May 2024<\/time><\/a><\/span>\n\t\t\t\n\t\t\t\n\t\t\t\n\t\t\t\n\t\t\t\t\t<h1 class=\"entry-title\" itemprop=\"name headline\"><a href=\"https:\/\/csp5.fr\/index.php\/2024\/05\/27\/sainte-jeanne-darc-2024\/\" rel=\"bookmark\">Sainte Jeanne d&#8217;Arc 2024<\/a><\/h1><img width=\"560\" height=\"320\" src=\"https:\/\/csp5.fr\/wp-content\/uploads\/2023\/04\/IMG_67651-560x320.jpg\" class=\"attachment-post-thumbnail size-post-thumbnail wp-post-image\" alt=\"\" loading=\"lazy\" \/>\t\t<div class=\"entry-content\" itemprop=\"articleBody\">\n\t\t<p>&nbsp; &nbsp;Nous f\u00eatons aujourd\u2019hui Sainte Jeanne d\u2019Arc. Je ne vais pas m\u2019attarder sur la surprenante intervention de Dieu qui va susciter une jeune fille, une simple petite berg\u00e8re, pour en [&hellip;]<\/p><div class=\"line\"><\/div><a href=\"https:\/\/csp5.fr\/index.php\/2024\/05\/27\/sainte-jeanne-darc-2024\/\" class=\"hb-more\">Read more<\/a>\t\t<ul class=\"hb-social\">\n\t\t\t\t\t\t\t\t<li class=\"hb-fb\"><a href=\"https:\/\/www.facebook.com\/sharer\/sharer.php?u=https:\/\/csp5.fr\/index.php\/2024\/05\/27\/sainte-jeanne-darc-2024\/\"><i class=\"fa fa-facebook\"><\/i><\/a><\/li>\n\t\t\t\t\t\t\t\t<li class=\"hb-tw\"><a href=\"https:\/\/twitter.com\/home?status=https:\/\/csp5.fr\/index.php\/2024\/05\/27\/sainte-jeanne-darc-2024\/\"><i class=\"fa fa-twitter\"><\/i><\/a><\/li>\n\t\t\t\t\t\t\t\t<li class=\"hb-google-plus\"><a href=\"https:\/\/plus.google.com\/share?url=https:\/\/csp5.fr\/index.php\/2024\/05\/27\/sainte-jeanne-darc-2024\/\"><i class=\"fa fa-google-plus\"><\/i><\/a><\/li>\n\t\t\t\t\t<\/ul>\n\t\t\t\t<\/div><!-- .entry-content -->\n\t\t\t\t<\/li>\n\t\t<\/ul>\n\t<a class=\"archive-link\" href=\"https:\/\/csp5.fr\/index.php\/2024\/05\/27\/sainte-jeanne-darc-2024\/\">See the archive<\/a>\n\t<\/div>\t[vc_separator color=&#8221;orange&#8221; border_width=&#8221;2&#8243; css_animation=&#8221;fadeInDown&#8221;][\/vc_column][\/vc_row][vc_row][vc_column][vc_raw_html]JTNDaDMlMjBjbGFzcyUzRCUyMnByZS10aXRsZSUyMiUzRVBvdXJxdW9pJTIwbGElMjBtZXNzZSUyMHRyYWRpdGlvbm5lbGxlJTIwJTNGJTNDJTJGaDMlM0UlMEElM0NkaXYlMjBzdHlsZSUzRCUyMnBvc2l0aW9uJTNBcmVsYXRpdmUlM0J3aWR0aCUzQTEwMCUyNSUzQmhlaWdodCUzQTAlM0JwYWRkaW5nLWJvdHRvbSUzQTU2LjIlMjUlM0IlMjIlM0UlM0NpZnJhbWUlMjBzcmMlM0QlMjJodHRwcyUzQSUyRiUyRmdsb3JpYS50diUyRnBvc3QlMkZwUkdqb0VoS1V6S3oxcnFHODIxaVAxVXVSJTJGZW1iZWQlMjIlMjB3aWR0aCUzRCUyMjEyODAlMjIlMjBoZWlnaHQlM0QlMjI3MjAlMjIlMjBmcmFtZWJvcmRlciUzRCUyMjAlMjIlMjBzY3JvbGxpbmclM0QlMjJubyUyMiUyMGFsbG93ZnVsbHNjcmVlbiUyMHN0eWxlJTNEJTIycG9zaXRpb24lM0FhYnNvbHV0ZSUzQnRvcCUzQTAlM0JyaWdodCUzQTAlM0Jib3R0b20lM0EwJTNCbGVmdCUzQTAlM0JoZWlnaHQlM0ExMDAlMjUlM0J3aWR0aCUzQTEwMCUyNSUzQiUyMiUzRSUzQyUyRmlmcmFtZSUzRSUzQyUyRmRpdiUzRQ==[\/vc_raw_html][\/vc_column][\/vc_row][vc_row][vc_column][vc_separator color=&#8221;orange&#8221; border_width=&#8221;2&#8243;][\/vc_column][\/vc_row][vc_row][vc_column][vc_gmaps link=&#8221;#E-8_JTNDaWZyYW1lJTIwc3JjJTNEJTIyaHR0cHMlM0ElMkYlMkZ3d3cuZ29vZ2xlLmNvbSUyRm1hcHMlMkZlbWJlZCUzRnBiJTNEJTIxMW0xOCUyMTFtMTIlMjExbTMlMjExZDE0MjEuMzcwODk5MDk3NTcxMyUyMTJkNi4wODEzNzc4NTgyMTA2NDElMjEzZDQ0LjU2MTM4ODg5NDc3NTEzNSUyMTJtMyUyMTFmMCUyMTJmMCUyMTNmMCUyMTNtMiUyMTFpMTAyNCUyMTJpNzY4JTIxNGYxMy4xJTIxM20zJTIxMW0yJTIxMXMweDEyY2I0MDZjMTEzNmI4ZTMlMjUzQTB4NGI0ZTJhYWU1YjhiM2M5NCUyMTJzJTI1QzMlMjU4OWdsaXNlJTI1MjBTYWludC1BbmRyJTI1QzMlMjVBOS1sZXMtQ29yZGVsaWVycyUyNTIwZGUlMjUyMEdhcCUyMTVlMCUyMTNtMiUyMTFzZnIlMjEyc2ZyJTIxNHYxNTgxMDc4NDU3ODU4JTIxNW0yJTIxMXNmciUyMTJzZnIlMjIlMjB3aWR0aCUzRCUyMjYwMCUyMiUyMGhlaWdodCUzRCUyMjQ1MCUyMiUyMGZyYW1lYm9yZGVyJTNEJTIyMCUyMiUyMHN0eWxlJTNEJTIyYm9yZGVyJTNBMCUyMiUyMGFsbG93ZnVsbHNjcmVlbiUzRSUzQyUyRmlmcmFtZSUzRQ==&#8221; title=&#8221;Saint Andr\u00e9 des Cordeliers&#8221;][vc_btn title=&#8221;LES ANNONCES DE LA COMMUNAUTE&#8221; style=&#8221;classic&#8221; color=&#8221;orange&#8221; align=&#8221;center&#8221; css_animation=&#8221;fadeInDown&#8221; link=&#8221;url:https%3A%2F%2Fwww.paroisse-gap.fr%2Fannonces%2F|title:Annonces%20De%20la%20Paroisse%20de%20Gap||&#8221;][\/vc_column][\/vc_row][vc_row][vc_column][vc_single_image image=&#8221;113&#8243;][\/vc_column][\/vc_row]<\/p>\n","protected":false},"excerpt":{"rendered":"<p>[vc_row][vc_column][vc_separator color=&#8221;orange&#8221; border_width=&#8221;2&#8243; css_animation=&#8221;fadeInDown&#8221;][\/vc_column][\/vc_row][vc_row][vc_column][vc_raw_html]JTNDaDMlMjBjbGFzcyUzRCUyMnByZS10aXRsZSUyMiUzRVBvdXJxdW9pJTIwbGElMjBtZXNzZSUyMHRyYWRpdGlvbm5lbGxlJTIwJTNGJTNDJTJGaDMlM0UlMEElM0NkaXYlMjBzdHlsZSUzRCUyMnBvc2l0aW9uJTNBcmVsYXRpdmUlM0J3aWR0aCUzQTEwMCUyNSUzQmhlaWdodCUzQTAlM0JwYWRkaW5nLWJvdHRvbSUzQTU2LjIlMjUlM0IlMjIlM0UlM0NpZnJhbWUlMjBzcmMlM0QlMjJodHRwcyUzQSUyRiUyRmdsb3JpYS50diUyRnBvc3QlMkZwUkdqb0VoS1V6S3oxcnFHODIxaVAxVXVSJTJGZW1iZWQlMjIlMjB3aWR0aCUzRCUyMjEyODAlMjIlMjBoZWlnaHQlM0QlMjI3MjAlMjIlMjBmcmFtZWJvcmRlciUzRCUyMjAlMjIlMjBzY3JvbGxpbmclM0QlMjJubyUyMiUyMGFsbG93ZnVsbHNjcmVlbiUyMHN0eWxlJTNEJTIycG9zaXRpb24lM0FhYnNvbHV0ZSUzQnRvcCUzQTAlM0JyaWdodCUzQTAlM0Jib3R0b20lM0EwJTNCbGVmdCUzQTAlM0JoZWlnaHQlM0ExMDAlMjUlM0J3aWR0aCUzQTEwMCUyNSUzQiUyMiUzRSUzQyUyRmlmcmFtZSUzRSUzQyUyRmRpdiUzRQ==[\/vc_raw_html][\/vc_column][\/vc_row][vc_row][vc_column][vc_separator color=&#8221;orange&#8221; border_width=&#8221;2&#8243;][\/vc_column][\/vc_row][vc_row][vc_column][vc_gmaps link=&#8221;#E-8_JTNDaWZyYW1lJTIwc3JjJTNEJTIyaHR0cHMlM0ElMkYlMkZ3d3cuZ29vZ2xlLmNvbSUyRm1hcHMlMkZlbWJlZCUzRnBiJTNEJTIxMW0xOCUyMTFtMTIlMjExbTMlMjExZDE0MjEuMzcwODk5MDk3NTcxMyUyMTJkNi4wODEzNzc4NTgyMTA2NDElMjEzZDQ0LjU2MTM4ODg5NDc3NTEzNSUyMTJtMyUyMTFmMCUyMTJmMCUyMTNmMCUyMTNtMiUyMTFpMTAyNCUyMTJpNzY4JTIxNGYxMy4xJTIxM20zJTIxMW0yJTIxMXMweDEyY2I0MDZjMTEzNmI4ZTMlMjUzQTB4NGI0ZTJhYWU1YjhiM2M5NCUyMTJzJTI1QzMlMjU4OWdsaXNlJTI1MjBTYWludC1BbmRyJTI1QzMlMjVBOS1sZXMtQ29yZGVsaWVycyUyNTIwZGUlMjUyMEdhcCUyMTVlMCUyMTNtMiUyMTFzZnIlMjEyc2ZyJTIxNHYxNTgxMDc4NDU3ODU4JTIxNW0yJTIxMXNmciUyMTJzZnIlMjIlMjB3aWR0aCUzRCUyMjYwMCUyMiUyMGhlaWdodCUzRCUyMjQ1MCUyMiUyMGZyYW1lYm9yZGVyJTNEJTIyMCUyMiUyMHN0eWxlJTNEJTIyYm9yZGVyJTNBMCUyMiUyMGFsbG93ZnVsbHNjcmVlbiUzRSUzQyUyRmlmcmFtZSUzRQ==&#8221; title=&#8221;Saint Andr\u00e9 des Cordeliers&#8221;][vc_btn title=&#8221;LES ANNONCES DE LA COMMUNAUTE&#8221; style=&#8221;classic&#8221; color=&#8221;orange&#8221; align=&#8221;center&#8221; css_animation=&#8221;fadeInDown&#8221; link=&#8221;url:https%3A%2F%2Fwww.paroisse-gap.fr%2Fannonces%2F|title:Annonces%20De%20la%20Paroisse%20de%20Gap||&#8221;][\/vc_column][\/vc_row][vc_row][vc_column][vc_single_image image=&#8221;113&#8243;][\/vc_column][\/vc_row]<\/p>\n","protected":false},"author":1,"featured_media":0,"parent":0,"menu_order":0,"comment_status":"closed","ping_status":"closed","template":"","meta":[],"_links":{"self":[{"href":"https:\/\/csp5.fr\/index.php\/wp-json\/wp\/v2\/pages\/82"}],"collection":[{"href":"https:\/\/csp5.fr\/index.php\/wp-json\/wp\/v2\/pages"}],"about":[{"href":"https:\/\/csp5.fr\/index.php\/wp-json\/wp\/v2\/types\/page"}],"author":[{"embeddable":true,"href":"https:\/\/csp5.fr\/index.php\/wp-json\/wp\/v2\/users\/1"}],"replies":[{"embeddable":true,"href":"https:\/\/csp5.fr\/index.php\/wp-json\/wp\/v2\/comments?post=82"}],"version-history":[{"count":15,"href":"https:\/\/csp5.fr\/index.php\/wp-json\/wp\/v2\/pages\/82\/revisions"}],"predecessor-version":[{"id":116,"href":"https:\/\/csp5.fr\/index.php\/wp-json\/wp\/v2\/pages\/82\/revisions\/116"}],"wp:attachment":[{"href":"https:\/\/csp5.fr\/index.php\/wp-json\/wp\/v2\/media?parent=82"}],"curies":[{"name":"wp","href":"https:\/\/api.w.org\/{rel}","templated":true}]}}