{"id":35,"date":"2020-02-06T20:37:55","date_gmt":"2020-02-06T19:37:55","guid":{"rendered":"http:\/\/csp5.fr\/?page_id=35"},"modified":"2022-03-04T16:22:11","modified_gmt":"2022-03-04T15:22:11","slug":"contact","status":"publish","type":"page","link":"https:\/\/csp5.fr\/index.php\/contact\/","title":{"rendered":"Contact"},"content":{"rendered":"\r\n<p><strong>Adresse Courrier:<\/strong><br \/>Communaut\u00e9 Saint Pie V<br \/>Centre Dioc\u00e9sain Pape Fran\u00e7ois<br \/>2 Cours Ladoucette,<br \/>05000 GAP FRANCE<\/p>\r\n<p>\r\n\r\n<\/p>\r\n<p>&nbsp;<\/p>\r\n<p>\r\n\r\n<\/p>\r\n<p><strong>Contact P\u00e8re PECHA :<\/strong> <br \/>04.92.22.33.95.<\/p>\r\n<p>\r\n\r\n<\/p>\r\n<p>&nbsp;<\/p>\r\n<p>\r\n\r\n<\/p>\r\n<p><strong>Pr\u00e9sident Communaut\u00e9 Saint Pie V:<br \/><\/strong>Dominique VAUTHIER<br \/>06.21.60.42.67.<br \/>Courriel : domvauthier@gmail.com<\/p>\r\n<p>\r\n\r\n<\/p>\r\n<p>&nbsp;<\/p>\r\n<p>\r\n\r\n<\/p>\r\n<p><strong>Cat\u00e9chisme pour les enfants d\u00e8s 4 ans :<\/strong><br \/>Colette BERNARD : 04.92.52.27.00.<\/p>\r\n<p><\/p>","protected":false},"excerpt":{"rendered":"<p>Adresse Courrier:Communaut\u00e9 Saint Pie VCentre Dioc\u00e9sain Pape Fran\u00e7ois2 Cours Ladoucette,05000 GAP FRANCE &nbsp; Contact P\u00e8re PECHA : 04.92.22.33.95. &nbsp; Pr\u00e9sident Communaut\u00e9 Saint Pie V:Dominique VAUTHIER06.21.60.42.67.Courriel : domvauthier@gmail.com &nbsp; Cat\u00e9chisme pour [&hellip;]<\/p>\n","protected":false},"author":1,"featured_media":0,"parent":0,"menu_order":0,"comment_status":"closed","ping_status":"closed","template":"","meta":[],"_links":{"self":[{"href":"https:\/\/csp5.fr\/index.php\/wp-json\/wp\/v2\/pages\/35"}],"collection":[{"href":"https:\/\/csp5.fr\/index.php\/wp-json\/wp\/v2\/pages"}],"about":[{"href":"https:\/\/csp5.fr\/index.php\/wp-json\/wp\/v2\/types\/page"}],"author":[{"embeddable":true,"href":"https:\/\/csp5.fr\/index.php\/wp-json\/wp\/v2\/users\/1"}],"replies":[{"embeddable":true,"href":"https:\/\/csp5.fr\/index.php\/wp-json\/wp\/v2\/comments?post=35"}],"version-history":[{"count":8,"href":"https:\/\/csp5.fr\/index.php\/wp-json\/wp\/v2\/pages\/35\/revisions"}],"predecessor-version":[{"id":365,"href":"https:\/\/csp5.fr\/index.php\/wp-json\/wp\/v2\/pages\/35\/revisions\/365"}],"wp:attachment":[{"href":"https:\/\/csp5.fr\/index.php\/wp-json\/wp\/v2\/media?parent=35"}],"curies":[{"name":"wp","href":"https:\/\/api.w.org\/{rel}","templated":true}]}}